{"id":5,"date":"2019-06-11T11:27:12","date_gmt":"2019-06-11T11:27:12","guid":{"rendered":"https:\/\/baseslegalesinstagram.programaciondigitalzen.es\/?page_id=5"},"modified":"2019-09-03T10:56:43","modified_gmt":"2019-09-03T10:56:43","slug":"5-2","status":"publish","type":"page","link":"https:\/\/baseslegalesinstagram.programaciondigitalzen.es\/","title":{"rendered":"Bases legales Concurso Instagram 15\/07\/2019-15\/08\/2019"},"content":{"rendered":"\n<h1>Bases Legales Concurso Instagram<\/h1>\n\n\n\n<h2>1.Empresa organizadora del Concurso<\/h2>\n\n\n\n<p>La entidad organizadora de este concurso es la compa\u00f1\u00eda RUASEIS SL,  con domicilio social en Isla de La R\u00faa n\u00ba3 37001 Salamanca y C.I.F. n\u00famero 37334460B, con objeto de premiar a sus seguidores de Instagram ha decidido poner en marcha concurso desde el 15 de julio de 2019 a 15 de agosto de 2019<\/p>\n\n\n\n<h2>2.Finalidad del concurso<\/h2>\n\n\n\n<p>La finalidad de este concurso es premiar a los seguidores de @dozesalamancaoficial en Instagram por su fidelidad.<\/p>\n\n\n\n<h2>3.\u00c1mbito geogr\u00e1fico y participantes<\/h2>\n\n\n\n<p>Estas promociones tienen \u00e1mbito nacional (Pen\u00ednsula, Islas Canarias y Baleares, Ceuta y Melilla).<\/p>\n\n\n\n<h2>4.\u00c1mbito temporal<\/h2>\n\n\n\n<p>El plazo de la promoci\u00f3n se iniciar\u00e1 el d\u00eda 15\/07\/2019 desde la publicaci\u00f3n del post y finalizar\u00e1 el 15\/08\/2019, a las 15:o0 pm. Los premios se anunciar\u00e1n a las 15.30 pm del 15\/08\/2019. S\u00f3lo tendr\u00e1 lugar a trav\u00e9s de la propia p\u00e1gina de Instagram de @dozesalamancaoficial y bajo el cumplimiento de las presentes bases legales.<\/p>\n\n\n\n<h2>5.Participantes<\/h2>\n\n\n\n<p>Pueden participar en la misma de forma gratuita y voluntaria, los residentes en Espa\u00f1a, mayores de 18 a\u00f1os, registrados previamente en la red social Instagram con un \u00fanico usuario real y que sigan a @dozesalamancaoficial Deber\u00e1n participar activamente en el concurso seg\u00fan la mec\u00e1nica dispuesta en este documento. No podr\u00e1n participar en dicho concurso los trabajadores de @dozesalamancaoficial ni colaboradores directos o indirectos que hayan intervenido en la promoci\u00f3n o en la impresi\u00f3n de los materiales correspondientes a los mismos.<\/p>\n\n\n\n<p>Si se produjera tal circunstancia, se descartar\u00e1 de forma autom\u00e1tica estas participaciones. @dozesalamancaoficial no se hace responsable de la veracidad de los datos facilitados por los participantes ni de no poder contactar con los participantes y\/o ganadores si los datos facilitados no son correctos o tienen errores.<\/p>\n\n\n\n<p>La presente promoci\u00f3n pretende que el concurso entre los distintos participantes se haga con igualdad de oportunidades y con estricto respeto a las normas de la buena fe. Por ese motivo, @dozesalamancaoficial se reserva el derecho a excluir autom\u00e1tica e inmediatamente de la misma a cualquier participante que transgreda las normas de la buena fe, observe una conducta mendaz o inadecuada, emplee medios fraudulentos o incumpla estas Bases en cualquiera de sus extremos. En caso de que las irregularidades se detecten con posterioridad a la entrega efectiva de alguno de los premios, @dozesalamancaoficial se reserva el derecho de ejercitar las acciones legales pertinentes contra su autor o responsable, entre otras, las tendentes a la devoluci\u00f3n de los premios.<\/p>\n\n\n\n<h2>6.Premios<\/h2>\n\n\n\n<p>Habr\u00e1 3 premios: Una cena valorada en 60\u20ac para cada ganador (No se incluyen las bebidas) El premio lo podr\u00e1n consumir desde el 15 de septiembre 2019 hasta 15 de octubre 2019. Los ganadores tendr\u00e1n que presentar el bono correspondiente en el establecimiento.<\/p>\n\n\n\n<h2>7.Mec\u00e1nica de la promoci\u00f3n<\/h2>\n\n\n\n<p> La mec\u00e1nica es la siguiente: A partir del primer d\u00eda del concurso os participantes tendr\u00e1n que seguirnos en el perfil de instagram y publicar fotos con el hashtag #vacaDOZEa<\/p>\n\n\n\n<h2>8.Mec\u00e1nica de adjudicaci\u00f3n de premios<\/h2>\n\n\n\n<p>Las 3 mejores fotos ser\u00e1n elegidas por un jurado compuesto por 3 jueces que valorar\u00e1n la creatividad de las fotograf\u00edas. Un premio ser\u00e1 para la foto m\u00e1s divertida, otro para la m\u00e1s veraniega y otro premio para la foto m\u00e1s siestera. Los ganadores ser\u00e1n anunciados en las Stories de la cuenta de @dozesalamancaoficial y por mensaje privado. Para poder consumir el premio tendr\u00e1n que contestarnos en el mensaje y luego, ense\u00f1ar captura de pantalla a la persona correspondiente en el establecimiento con el bono.<\/p>\n\n\n\n<h2>9.Contacto con los ganadores<\/h2>\n\n\n\n<p>Los ganadores ser\u00e1n contactados por mensaje privado el mismo d\u00eda.<\/p>\n\n\n\n<p>En el caso de que alg\u00fan ganador no se presente en el establecimiento de  @dozesalamancaoficial se declarar\u00e1 desierto el premio.<\/p>\n\n\n\n<h2>10.Desvinculaci\u00f3n de Instagram<\/h2>\n\n\n\n<p>Instagram no patrocina, avala ni administra de modo alguno esta promoci\u00f3n, ni est\u00e1 asociado a ella. El usuario se desvincula totalmente de Instagram, y es consciente de que est\u00e1 proporcionando su informaci\u00f3n a @dozesalamancaoficial y no a Instagram. La informaci\u00f3n que proporcione s\u00f3lo se utilizar\u00e1 para tramitar la participaci\u00f3n del usuario y para comunicarle el premio en caso de que resultara ganador. El usuario se desvincula totalmente de instagram.<\/p>\n\n\n\n<h2>11.Fiscalidad<\/h2>\n\n\n\n<p>La celebraci\u00f3n del previsto concurso, as\u00ed como la concesi\u00f3n del premio quedan sujetos a la normativa fiscal vigente.<\/p>\n\n\n\n<h2>12.Aceptaci\u00f3n de las bases<\/h2>\n\n\n\n<p>La simple participaci\u00f3n implica la aceptaci\u00f3n de estas bases en su totalidad por lo que la manifestaci\u00f3n, en el sentido de no aceptaci\u00f3n de las mismas, implicar\u00e1 la exclusi\u00f3n del participante y, como consecuencia de la misma, quedar\u00e1 @dozesalamancaoficial liberada del cumplimiento de la obligaci\u00f3n contra\u00edda con dicho participante. Al aceptar el premio, el ganador asume todos los gastos en los que incurra, salvo los que expresamente est\u00e9n incluidos en la promoci\u00f3n en cuesti\u00f3n, as\u00ed como la responsabilidad que se pueda derivar de la recogida y utilizaci\u00f3n de dicho premio. En tal sentido, el ganador ser\u00e1 responsable de todos los impuestos devengados o gastos que no se mencionen espec\u00edficamente en estas bases.<\/p>\n\n\n\n<h2>13.Derechos de la propiedad intelectual<\/h2>\n\n\n\n<p>@dozesalamancaoficial se reserva el derecho de usar los nombres e im\u00e1genes de los usuarios agraciados as\u00ed como de todos los participantes a efectos de su utilizaci\u00f3n en fines publicitarios en los medios que estime oportunos y sin necesidad de notificaci\u00f3n expl\u00edcita.<\/p>\n\n\n\n<h2>14.Datos personales<\/h2>\n\n\n\n<p>De conformidad con Ley Org\u00e1nica de Protecci\u00f3n de Datos de Car\u00e1cter Personal y la Ley de Servicios de la Sociedad de la Informaci\u00f3n y de Comercio Electr\u00f3nico, se informa a los participantes de que los datos personales que faciliten ser\u00e1n incorporados a un fichero de datos de car\u00e1cter personal, propiedad de la compa\u00f1\u00eda organizadora. Dichos datos ser\u00e1n utilizados y tratados, adem\u00e1s de con la finalidad de participar en el concurso, para la investigaci\u00f3n, promoci\u00f3n y comercializaci\u00f3n de los servicios de @dozesalamancaoficial lo que incluir\u00e1 el env\u00edo de comunicaciones comerciales incluso por v\u00eda electr\u00f3nica. Si lo desean, pueden hacer uso en cualquier momento de sus derechos de acceso, rectificaci\u00f3n, oposici\u00f3n y cancelaci\u00f3n de sus datos escribiendo al responsable del tratamiento a la direcci\u00f3n de correo electr\u00f3nico que se indica a continuaci\u00f3n:&nbsp;<a href=\"mailto:concursos@rastreator.com\">info@restaurantedoze.es<\/a><\/p>\n\n\n\n<h2>15.Ley aplicable y tribunales competentes<\/h2>\n\n\n\n<p>La ley aplicable al presente concurso promocional es la ley espa\u00f1ola, y los juzgados competentes para conocer de cualquier conflicto o controversia son los Juzgados de la ciudad de Salamanca<\/p>\n","protected":false},"excerpt":{"rendered":"<p>Bases Legales Concurso Instagram 1.Empresa organizadora del Concurso La entidad organizadora de este concurso es la compa\u00f1\u00eda RUASEIS SL, con domicilio social en Isla de La R\u00faa n\u00ba3 37001 Salamanca y C.I.F. n\u00famero 37334460B, con objeto de premiar a sus seguidores de Instagram ha decidido poner en marcha concurso desde el 15 de julio de &hellip; <\/p>\n<p class=\"link-more\"><a href=\"https:\/\/baseslegalesinstagram.programaciondigitalzen.es\/\" class=\"more-link\">Seguir leyendo<span class=\"screen-reader-text\"> \u00abBases legales Concurso Instagram 15\/07\/2019-15\/08\/2019\u00bb<\/span><\/a><\/p>\n","protected":false},"author":1,"featured_media":0,"parent":0,"menu_order":0,"comment_status":"closed","ping_status":"closed","template":"","meta":[],"_links":{"self":[{"href":"https:\/\/baseslegalesinstagram.programaciondigitalzen.es\/index.php?rest_route=\/wp\/v2\/pages\/5"}],"collection":[{"href":"https:\/\/baseslegalesinstagram.programaciondigitalzen.es\/index.php?rest_route=\/wp\/v2\/pages"}],"about":[{"href":"https:\/\/baseslegalesinstagram.programaciondigitalzen.es\/index.php?rest_route=\/wp\/v2\/types\/page"}],"author":[{"embeddable":true,"href":"https:\/\/baseslegalesinstagram.programaciondigitalzen.es\/index.php?rest_route=\/wp\/v2\/users\/1"}],"replies":[{"embeddable":true,"href":"https:\/\/baseslegalesinstagram.programaciondigitalzen.es\/index.php?rest_route=%2Fwp%2Fv2%2Fcomments&post=5"}],"version-history":[{"count":18,"href":"https:\/\/baseslegalesinstagram.programaciondigitalzen.es\/index.php?rest_route=\/wp\/v2\/pages\/5\/revisions"}],"predecessor-version":[{"id":33,"href":"https:\/\/baseslegalesinstagram.programaciondigitalzen.es\/index.php?rest_route=\/wp\/v2\/pages\/5\/revisions\/33"}],"wp:attachment":[{"href":"https:\/\/baseslegalesinstagram.programaciondigitalzen.es\/index.php?rest_route=%2Fwp%2Fv2%2Fmedia&parent=5"}],"curies":[{"name":"wp","href":"https:\/\/api.w.org\/{rel}","templated":true}]}}